{"id":245226,"date":"2025-10-27T17:59:04","date_gmt":"2025-10-27T17:59:04","guid":{"rendered":"https:\/\/walthon.se\/allmanna-villkor\/"},"modified":"2026-02-18T12:37:29","modified_gmt":"2026-02-18T12:37:29","slug":"general-terms-and-conditions","status":"publish","type":"page","link":"https:\/\/walthon.se\/en\/general-terms-and-conditions\/","title":{"rendered":"General Terms and Conditions"},"content":{"rendered":"<p>[et_pb_section fb_built=&#8221;1&#8243; fullwidth=&#8221;on&#8221; _builder_version=&#8221;4.27.5&#8243; _module_preset=&#8221;default&#8221; global_colors_info=&#8221;{}&#8221;][et_pb_fullwidth_header title=&#8221;General Terms and Conditions&#8221; module_class=&#8221;hero_image&#8221; _builder_version=&#8221;4.27.5&#8243; _module_preset=&#8221;default&#8221; background_enable_color=&#8221;off&#8221; background_image=&#8221;https:\/\/walthon.se\/wp-content\/uploads\/2026\/02\/header3_medarb_2000x900-1.webp&#8221; background_position=&#8221;top_center&#8221; background_enable_video_mp4=&#8221;off&#8221; height=&#8221;500px&#8221; height_tablet=&#8221;500px&#8221; height_phone=&#8221;400px&#8221; height_last_edited=&#8221;on|tablet&#8221; max_height=&#8221;500px&#8221; max_height_tablet=&#8221;500px&#8221; max_height_phone=&#8221;400px&#8221; max_height_last_edited=&#8221;on|desktop&#8221; hover_enabled=&#8221;0&#8243; background_last_edited=&#8221;on|desktop&#8221; background_position_phone=&#8221;top_center&#8221; global_colors_info=&#8221;{}&#8221; sticky_enabled=&#8221;0&#8243;][\/et_pb_fullwidth_header][\/et_pb_section][et_pb_section fb_built=&#8221;1&#8243; _builder_version=&#8221;4.27.5&#8243; _module_preset=&#8221;default&#8221; transform_translate=&#8221;0px|-30px&#8221; transform_translate_linked=&#8221;off&#8221; custom_margin=&#8221;2%||||false|false&#8221; custom_padding=&#8221;4%||4%||false|false&#8221; global_colors_info=&#8221;{}&#8221;][et_pb_row _builder_version=&#8221;4.27.4&#8243; _module_preset=&#8221;default&#8221; width=&#8221;90%&#8221; custom_padding=&#8221;0px|5%|1%|10%|false|false&#8221; global_colors_info=&#8221;{}&#8221;][et_pb_column type=&#8221;4_4&#8243; _builder_version=&#8221;4.27.4&#8243; _module_preset=&#8221;default&#8221; global_colors_info=&#8221;{}&#8221;][et_pb_text admin_label=&#8221;Vid utf\u00f6randet av v\u00e5ra tj\u00e4nster till\u00e4mpar vi nedan allm\u00e4nna villkor&#8221; _builder_version=&#8221;4.27.4&#8243; _module_preset=&#8221;default&#8221; link_font=&#8221;|700|||||||&#8221; link_text_color=&#8221;#000000&#8243; global_colors_info=&#8221;{}&#8221;]<\/p>\n<h2>General Terms and Conditions<\/h2>\n<p>We apply General Terms and Conditions with regard to our services.<\/p>\n<p><a href=\"https:\/\/walthon.se\/wp-content\/uploads\/2025\/10\/180617_Allmanna-villkor_Walthon-Advokater.pdf\">Swedish version<\/a>, (generally intended for clients domiciled in Sweden).<br \/>\n<a href=\"https:\/\/walthon.se\/wp-content\/uploads\/2025\/10\/180624_General-terms_Walthon-Advokater_ENG.pdf\">English version<\/a>, (generally intended for clients domiciled outside Sweden).<\/p>\n<p>If you have any questions regarding our services or our General Terms and Conditions, please contact:<br \/>\n<a href=\"mailto:patrik.essehorn@walthon.se\">Patrik Essehorn<\/a>, Managing Partner<\/p>\n<h2>Allm\u00e4nna Villkor<\/h2>\n<p>Vid utf\u00f6randet av v\u00e5ra tj\u00e4nster till\u00e4mpar vi nedan allm\u00e4nna villkor.<\/p>\n<p><a href=\"https:\/\/walthon.se\/wp-content\/uploads\/2025\/10\/180617_Allmanna-villkor_Walthon-Advokater.pdf\">Svensk version<\/a>, (i regel avsedd f\u00f6r klienter med hemvist i Sverige).<br \/>\n<a href=\"https:\/\/walthon.se\/wp-content\/uploads\/2025\/10\/180624_General-terms_Walthon-Advokater_ENG.pdf\">English version<\/a>, (i regel avsedd f\u00f6r klienter med hemvist utanf\u00f6r Sverige).<\/p>\n<p>Om du har fr\u00e5gor avseende v\u00e5ra tj\u00e4nster eller v\u00e5ra allm\u00e4nna villkor \u00e4r du v\u00e4lkommen att kontakta:<br \/>\n<a href=\"mailto:patrik.essehorn@walthon.se\">Patrik Essehorn<\/a>, Managing Partner[\/et_pb_text][\/et_pb_column][\/et_pb_row][\/et_pb_section]<\/p>\n","protected":false},"excerpt":{"rendered":"<p>General Terms and Conditions We apply General Terms and Conditions with regard to our services. Swedish version, (generally intended for clients domiciled in Sweden). English version, (generally intended for clients domiciled outside Sweden). If you have any questions regarding our services or our General Terms and Conditions, please contact: Patrik Essehorn, Managing Partner Allm\u00e4nna Villkor [&hellip;]<\/p>\n","protected":false},"author":1,"featured_media":246477,"parent":0,"menu_order":2,"comment_status":"closed","ping_status":"closed","template":"","meta":{"_et_pb_use_builder":"on","_et_pb_old_content":"","_et_gb_content_width":"","footnotes":""},"class_list":["post-245226","page","type-page","status-publish","has-post-thumbnail","hentry"],"_links":{"self":[{"href":"https:\/\/walthon.se\/en\/wp-json\/wp\/v2\/pages\/245226","targetHints":{"allow":["GET"]}}],"collection":[{"href":"https:\/\/walthon.se\/en\/wp-json\/wp\/v2\/pages"}],"about":[{"href":"https:\/\/walthon.se\/en\/wp-json\/wp\/v2\/types\/page"}],"author":[{"embeddable":true,"href":"https:\/\/walthon.se\/en\/wp-json\/wp\/v2\/users\/1"}],"replies":[{"embeddable":true,"href":"https:\/\/walthon.se\/en\/wp-json\/wp\/v2\/comments?post=245226"}],"version-history":[{"count":12,"href":"https:\/\/walthon.se\/en\/wp-json\/wp\/v2\/pages\/245226\/revisions"}],"predecessor-version":[{"id":247016,"href":"https:\/\/walthon.se\/en\/wp-json\/wp\/v2\/pages\/245226\/revisions\/247016"}],"wp:featuredmedia":[{"embeddable":true,"href":"https:\/\/walthon.se\/en\/wp-json\/"}],"wp:attachment":[{"href":"https:\/\/walthon.se\/en\/wp-json\/wp\/v2\/media?parent=245226"}],"curies":[{"name":"wp","href":"https:\/\/api.w.org\/{rel}","templated":true}]}}