{"id":245230,"date":"2025-10-27T17:52:07","date_gmt":"2025-10-27T17:52:07","guid":{"rendered":"https:\/\/walthon.se\/cookies\/"},"modified":"2026-02-18T12:38:31","modified_gmt":"2026-02-18T12:38:31","slug":"cookies","status":"publish","type":"page","link":"https:\/\/walthon.se\/en\/cookies\/","title":{"rendered":"Cookies"},"content":{"rendered":"<p>[et_pb_section fb_built=&#8221;1&#8243; fullwidth=&#8221;on&#8221; _builder_version=&#8221;4.27.5&#8243; _module_preset=&#8221;default&#8221; global_colors_info=&#8221;{}&#8221;][et_pb_fullwidth_header title=&#8221;Cookies&#8221; module_class=&#8221;hero_image&#8221; _builder_version=&#8221;4.27.5&#8243; _module_preset=&#8221;default&#8221; background_enable_color=&#8221;off&#8221; background_image=&#8221;https:\/\/walthon.se\/wp-content\/uploads\/2026\/02\/header3_medarb_2000x900-1.webp&#8221; background_position=&#8221;top_center&#8221; background_enable_video_mp4=&#8221;off&#8221; height=&#8221;500px&#8221; height_tablet=&#8221;500px&#8221; height_phone=&#8221;400px&#8221; height_last_edited=&#8221;on|tablet&#8221; max_height=&#8221;500px&#8221; max_height_tablet=&#8221;500px&#8221; max_height_phone=&#8221;400px&#8221; max_height_last_edited=&#8221;on|desktop&#8221; hover_enabled=&#8221;0&#8243; background_last_edited=&#8221;on|phone&#8221; background_position_phone=&#8221;top_center&#8221; global_colors_info=&#8221;{}&#8221; sticky_enabled=&#8221;0&#8243;][\/et_pb_fullwidth_header][\/et_pb_section][et_pb_section fb_built=&#8221;1&#8243; _builder_version=&#8221;4.27.5&#8243; _module_preset=&#8221;default&#8221; transform_translate=&#8221;0px|-30px&#8221; transform_translate_linked=&#8221;off&#8221; custom_margin=&#8221;2%||||false|false&#8221; custom_padding=&#8221;4%||4%||false|false&#8221; global_colors_info=&#8221;{}&#8221;][et_pb_row _builder_version=&#8221;4.27.4&#8243; _module_preset=&#8221;default&#8221; width=&#8221;90%&#8221; custom_padding=&#8221;0px|5%|1%|10%|false|false&#8221; global_colors_info=&#8221;{}&#8221;][et_pb_column type=&#8221;4_4&#8243; _builder_version=&#8221;4.27.4&#8243; _module_preset=&#8221;default&#8221; global_colors_info=&#8221;{}&#8221;][et_pb_text admin_label=&#8221;Policy for Walthon Advokaters use of Cookies&#8221; _builder_version=&#8221;4.27.4&#8243; _module_preset=&#8221;default&#8221; link_font=&#8221;|600|||||||&#8221; link_text_color=&#8221;#000000&#8243; global_colors_info=&#8221;{}&#8221;]<\/p>\n<h2>Policy for Walthon Advokaters use of Cookies.<\/h2>\n<p>Please read our policy here: <a href=\"https:\/\/walthon.se\/wp-content\/uploads\/2025\/10\/180619_COOKIES-SWE-ENG-rev1-LL.pdf\">Cookiepolicy (SWE \/ ENG version)<\/a><\/p>\n<h2>Policy f\u00f6r Walthon Advokaters anv\u00e4ndning av Cookies.<\/h2>\n<p>V\u00e4nligen l\u00e4s v\u00e5r policy h\u00e4r: <a href=\"https:\/\/walthon.se\/wp-content\/uploads\/2025\/10\/180619_COOKIES-SWE-ENG-rev1-LL.pdf\">Cookiepolicy (Sv \/ Eng version)<\/a><\/p>\n<p>[\/et_pb_text][\/et_pb_column][\/et_pb_row][\/et_pb_section]<\/p>\n","protected":false},"excerpt":{"rendered":"<p>Policy for Walthon Advokaters use of Cookies. Please read our policy here: Cookiepolicy (SWE \/ ENG version) Policy f\u00f6r Walthon Advokaters anv\u00e4ndning av Cookies. V\u00e4nligen l\u00e4s v\u00e5r policy h\u00e4r: Cookiepolicy (Sv \/ Eng version)<\/p>\n","protected":false},"author":1,"featured_media":246829,"parent":0,"menu_order":9,"comment_status":"closed","ping_status":"closed","template":"","meta":{"_et_pb_use_builder":"on","_et_pb_old_content":"","_et_gb_content_width":"","footnotes":""},"class_list":["post-245230","page","type-page","status-publish","has-post-thumbnail","hentry"],"_links":{"self":[{"href":"https:\/\/walthon.se\/en\/wp-json\/wp\/v2\/pages\/245230","targetHints":{"allow":["GET"]}}],"collection":[{"href":"https:\/\/walthon.se\/en\/wp-json\/wp\/v2\/pages"}],"about":[{"href":"https:\/\/walthon.se\/en\/wp-json\/wp\/v2\/types\/page"}],"author":[{"embeddable":true,"href":"https:\/\/walthon.se\/en\/wp-json\/wp\/v2\/users\/1"}],"replies":[{"embeddable":true,"href":"https:\/\/walthon.se\/en\/wp-json\/wp\/v2\/comments?post=245230"}],"version-history":[{"count":9,"href":"https:\/\/walthon.se\/en\/wp-json\/wp\/v2\/pages\/245230\/revisions"}],"predecessor-version":[{"id":247020,"href":"https:\/\/walthon.se\/en\/wp-json\/wp\/v2\/pages\/245230\/revisions\/247020"}],"wp:featuredmedia":[{"embeddable":true,"href":"https:\/\/walthon.se\/en\/wp-json\/"}],"wp:attachment":[{"href":"https:\/\/walthon.se\/en\/wp-json\/wp\/v2\/media?parent=245230"}],"curies":[{"name":"wp","href":"https:\/\/api.w.org\/{rel}","templated":true}]}}